{"id":128,"date":"2015-05-06T15:47:13","date_gmt":"2015-05-06T13:47:13","guid":{"rendered":"http:\/\/www.satellezajsk.pl\/?page_id=128"},"modified":"2023-06-16T08:50:52","modified_gmt":"2023-06-16T06:50:52","slug":"partnerzy","status":"publish","type":"page","link":"https:\/\/www.satellezajsk.pl\/?page_id=128","title":{"rendered":"Nasi Partnerzy i Klienci"},"content":{"rendered":"<h4>Partnerzy:<\/h4>\n<ul>\n<li>Televes<\/li>\n<li>Teleste<\/li>\n<\/ul>\n<h4>Klienci:<\/h4>\n<ul>\n<li>Starostwo Powiatowe w Le\u017cajsku<\/li>\n<li>Miejski Zak\u0142ad Komunalny w Le\u017cajsku<\/li>\n<li>Sp\u00f3\u0142dzielnia Mieszkaniowa w Le\u017cajsku<\/li>\n<li>Miejskie Centrum Kultury w Le\u017cajsku<\/li>\n<li>Parafia Rzymskokatolicka p.w. \u015awi\u0119tej Tr\u00f3jcy w Le\u017cajsku<\/li>\n<li>Agencja Ubezpieczeniowa Helena Danuta O\u017cga<\/li>\n<li>P.P.H.U &#8222;KWADRAT&#8221; Bronis\u0142aw Antonik<\/li>\n<li>Firma Handlowo-Us\u0142ugowa &#8222;LOBO&#8221; Jan Krupa\u00a0 Wies\u0142aw Olbrycht Sp\u00f3\u0142ka Jawna<\/li>\n<\/ul>\n","protected":false},"excerpt":{"rendered":"<p>Partnerzy: Televes Teleste Klienci: Starostwo Powiatowe w Le\u017cajsku Miejski Zak\u0142ad Komunalny w Le\u017cajsku Sp\u00f3\u0142dzielnia Mieszkaniowa w Le\u017cajsku Miejskie Centrum Kultury w Le\u017cajsku Parafia Rzymskokatolicka p.w. \u015awi\u0119tej Tr\u00f3jcy w Le\u017cajsku Agencja Ubezpieczeniowa Helena Danuta O\u017cga P.P.H.U &#8222;KWADRAT&#8221; Bronis\u0142aw Antonik Firma Handlowo-Us\u0142ugowa &#8222;LOBO&#8221; Jan Krupa\u00a0 Wies\u0142aw Olbrycht Sp\u00f3\u0142ka Jawna<\/p>\n","protected":false},"author":1,"featured_media":0,"parent":0,"menu_order":0,"comment_status":"closed","ping_status":"closed","template":"","meta":{"footnotes":""},"class_list":["post-128","page","type-page","status-publish","hentry"],"_links":{"self":[{"href":"https:\/\/www.satellezajsk.pl\/index.php?rest_route=\/wp\/v2\/pages\/128","targetHints":{"allow":["GET"]}}],"collection":[{"href":"https:\/\/www.satellezajsk.pl\/index.php?rest_route=\/wp\/v2\/pages"}],"about":[{"href":"https:\/\/www.satellezajsk.pl\/index.php?rest_route=\/wp\/v2\/types\/page"}],"author":[{"embeddable":true,"href":"https:\/\/www.satellezajsk.pl\/index.php?rest_route=\/wp\/v2\/users\/1"}],"replies":[{"embeddable":true,"href":"https:\/\/www.satellezajsk.pl\/index.php?rest_route=%2Fwp%2Fv2%2Fcomments&post=128"}],"version-history":[{"count":20,"href":"https:\/\/www.satellezajsk.pl\/index.php?rest_route=\/wp\/v2\/pages\/128\/revisions"}],"predecessor-version":[{"id":768,"href":"https:\/\/www.satellezajsk.pl\/index.php?rest_route=\/wp\/v2\/pages\/128\/revisions\/768"}],"wp:attachment":[{"href":"https:\/\/www.satellezajsk.pl\/index.php?rest_route=%2Fwp%2Fv2%2Fmedia&parent=128"}],"curies":[{"name":"wp","href":"https:\/\/api.w.org\/{rel}","templated":true}]}}