{"id":28,"date":"2014-08-18T14:55:37","date_gmt":"2014-08-18T12:55:37","guid":{"rendered":"http:\/\/www.satellezajsk.pl\/wordpress\/?page_id=28"},"modified":"2024-12-31T08:04:55","modified_gmt":"2024-12-31T07:04:55","slug":"do-pobrania","status":"publish","type":"page","link":"https:\/\/www.satellezajsk.pl\/?page_id=28","title":{"rendered":"Do pobrania"},"content":{"rendered":"<p><a title=\"Regulamin\" href=\"https:\/\/www.satellezajsk.pl\/wp-content\/uploads\/2024\/10\/NOWY-REGULAMIN.pdf\" target=\"_blank\" rel=\"noopener noreferrer\">Regulamin<\/a><\/p>\n<p><a href=\"https:\/\/www.satellezajsk.pl\/wp-content\/uploads\/2024\/10\/cennikPTS.pdf\" target=\"_blank\" rel=\"noopener\">Cennik po\u0142\u0105cze\u0144 telefonicznych PTS<\/a><\/p>\n\n\n<p><a href=\"https:\/\/www.satellezajsk.pl\/wp-content\/uploads\/2024\/12\/Cennik-01_01_2023.pdf\" target=\"_blank\" rel=\"noreferrer noopener\">Cennik Us\u0142ug obowi\u0105zuj\u0105cy od 01_01_2023 do 31_12_2024<\/a><\/p>\n\n\n\n<p><br>Informacje o zagro\u017ceniach zwi\u0105zanych ze \u015bwiadczon\u0105 us\u0142ug\u0105, w tym sposobach ochrony bezpiecze\u0144stwa, prywatno\u015bci i danych osobowych:<br><a href=\"http:\/\/www.uke.gov.pl\/\" target=\"_blank\" rel=\"noreferrer noopener\">http:\/\/www.uke.gov.pl\/<\/a><\/p>\n\n\n\n<p><\/p>\n","protected":false},"excerpt":{"rendered":"<p>Regulamin Cennik po\u0142\u0105cze\u0144 telefonicznych PTS Cennik Us\u0142ug obowi\u0105zuj\u0105cy od 01_01_2023 do 31_12_2024 Informacje o zagro\u017ceniach zwi\u0105zanych ze \u015bwiadczon\u0105 us\u0142ug\u0105, w tym sposobach ochrony bezpiecze\u0144stwa, prywatno\u015bci i danych osobowych:http:\/\/www.uke.gov.pl\/<\/p>\n","protected":false},"author":1,"featured_media":0,"parent":0,"menu_order":0,"comment_status":"closed","ping_status":"closed","template":"","meta":{"footnotes":""},"class_list":["post-28","page","type-page","status-publish","hentry"],"_links":{"self":[{"href":"https:\/\/www.satellezajsk.pl\/index.php?rest_route=\/wp\/v2\/pages\/28","targetHints":{"allow":["GET"]}}],"collection":[{"href":"https:\/\/www.satellezajsk.pl\/index.php?rest_route=\/wp\/v2\/pages"}],"about":[{"href":"https:\/\/www.satellezajsk.pl\/index.php?rest_route=\/wp\/v2\/types\/page"}],"author":[{"embeddable":true,"href":"https:\/\/www.satellezajsk.pl\/index.php?rest_route=\/wp\/v2\/users\/1"}],"replies":[{"embeddable":true,"href":"https:\/\/www.satellezajsk.pl\/index.php?rest_route=%2Fwp%2Fv2%2Fcomments&post=28"}],"version-history":[{"count":24,"href":"https:\/\/www.satellezajsk.pl\/index.php?rest_route=\/wp\/v2\/pages\/28\/revisions"}],"predecessor-version":[{"id":847,"href":"https:\/\/www.satellezajsk.pl\/index.php?rest_route=\/wp\/v2\/pages\/28\/revisions\/847"}],"wp:attachment":[{"href":"https:\/\/www.satellezajsk.pl\/index.php?rest_route=%2Fwp%2Fv2%2Fmedia&parent=28"}],"curies":[{"name":"wp","href":"https:\/\/api.w.org\/{rel}","templated":true}]}}